{"id":21,"date":"2020-11-14T15:10:53","date_gmt":"2020-11-14T14:10:53","guid":{"rendered":"http:\/\/entreterreetciel.org\/?page_id=21"},"modified":"2026-03-07T23:41:26","modified_gmt":"2026-03-07T22:41:26","slug":"dimanche-2","status":"publish","type":"page","link":"https:\/\/entreterreetciel.org\/index.php\/dimanche-2\/","title":{"rendered":"Dimanche 26 avril 2026 &#8211; Conf\u00e9rences"},"content":{"rendered":"\n<p class=\"has-vivid-red-color has-text-color\"><\/p>\n\n\n\n<p class=\"has-vivid-red-color has-text-color has-link-color wp-elements-6b8a0ab4ae129826fb478b26119bc59e\"><strong>Acc\u00e8s gratuit<\/strong><\/p>\n\n\n\n<p class=\"has-vivid-red-color has-text-color\">Plus de renseignements sur les intervenants en rubrique \u00ab\u00a0exposants\u00a0\u00bb<\/p>\n\n\n\n<h3 class=\"wp-block-heading\"><strong>LIEU : Salle du bas<\/strong><\/h3>\n\n\n\n<figure class=\"wp-block-table is-style-stripes\" style=\"font-size:16px\"><table class=\"has-vivid-purple-color has-pale-pink-background-color has-text-color has-background has-link-color\"><tbody><tr><td><strong>11h : Jean-Fran\u00e7ois THOMAS<\/strong> : la g\u00e9obiologie.<\/td><\/tr><tr><td><strong>12h : Anne-Virginie HERVOCHES<\/strong> : la qu\u00eate spirituelle de l&rsquo;\u00e2me.<\/td><\/tr><tr><td><strong>14h : Patrick BETOUS<\/strong> : parlons des signes en astrologie.<\/td><\/tr><tr><td><strong>15h : Sandrine MILLERIN<\/strong> : en finir avec les r\u00e9actions allergiques et les d\u00e9s\u00e9quilibres \u00e9nerg\u00e9tiques(avec d\u00e9monstrations).<\/td><\/tr><tr><td><strong>16h<\/strong> : <strong>Myriam CHAUVIN<\/strong> : la chiromancie (\u00e9tude de la lecture de la main)<\/td><\/tr><tr><td><strong>17h<\/strong> : <strong>C\u00e9cile MATRINGE<\/strong> : le tarot symbolique : rendez-vous de l&rsquo;autre c\u00f4t\u00e9 du miroir.<\/td><\/tr><\/tbody><\/table><\/figure>\n\n\n\n\n\n<hr class=\"wp-block-separator has-css-opacity\"\/>\n\n\n\n<h3 class=\"wp-block-heading\"><strong>LIEU : Sc\u00e8ne<\/strong><\/h3>\n\n\n\n<div class=\"wp-block-group is-vertical is-layout-flex wp-container-core-group-is-layout-8cf370e7 wp-block-group-is-layout-flex\">\n<div class=\"wp-block-columns has-white-background-color has-background is-layout-flex wp-container-core-columns-is-layout-9d6595d7 wp-block-columns-is-layout-flex\">\n<div class=\"wp-block-column is-layout-flow wp-block-column-is-layout-flow\" style=\"flex-basis:100%\">\n<div class=\"wp-block-columns is-layout-flex wp-container-core-columns-is-layout-9d6595d7 wp-block-columns-is-layout-flex\">\n<div class=\"wp-block-column is-layout-flow wp-block-column-is-layout-flow\" style=\"flex-basis:100%\">\n<figure class=\"wp-block-table is-style-stripes has-medium-font-size\"><table class=\"has-vivid-purple-color has-pale-cyan-blue-background-color has-text-color has-background has-link-color\"><tbody><tr><td><strong>11h : Margerine STAIGRE<\/strong> : pourquoi votre corps s&rsquo;accroche aux kilos?<\/td><\/tr><tr><td><strong>12h<\/strong> :<strong>Erell MARION<\/strong> : la chiropratique : votre alli\u00e9e pour profiter pleinement de la vie.<\/td><\/tr><tr><td><strong>14h : Sophie HUET<\/strong> : cercles de femmes : qu&rsquo;est-ce que c&rsquo;est? Pour quoi faire?<\/td><\/tr><tr><td><strong>15h<\/strong> : <strong>Christophe LE ROUX<\/strong> : d\u00e9couverte de la voyance par le tarot.<\/td><\/tr><tr><td><strong>16h :<\/strong> <strong>St\u00e9phane RIBES<\/strong> : et si ma sant\u00e9 n&rsquo;\u00e9tait que le reflet de mon inconscient? Retour de 35 ann\u00e9es d&rsquo;exp\u00e9rience.<\/td><\/tr><tr><td><strong>17h<\/strong> : <strong>Olivier KERESPARS <\/strong>: d\u00e9couvrir le shiatsu.<\/td><\/tr><\/tbody><\/table><\/figure>\n<\/div>\n<\/div>\n<\/div>\n<\/div>\n<\/div>\n\n\n\n<p><\/p>\n\n\n\n<div class=\"wp-block-buttons is-layout-flex wp-block-buttons-is-layout-flex\">\n<div class=\"wp-block-button\"><a class=\"wp-block-button__link has-vivid-cyan-blue-background-color has-background wp-element-button\" href=\"https:\/\/entreterreetciel.org\/index.php\/samedi\/\">Conf\u00e9rences du samedi 25 avril 2026<\/a><\/div>\n<\/div>\n\n\n\n<figure class=\"wp-block-image size-large\"><img loading=\"lazy\" decoding=\"async\" width=\"800\" height=\"600\" src=\"http:\/\/entreterreetciel.org\/wp-content\/uploads\/2020\/12\/aile-seule.jpg\" alt=\"\" class=\"wp-image-210\" srcset=\"https:\/\/entreterreetciel.org\/wp-content\/uploads\/2020\/12\/aile-seule.jpg 800w, https:\/\/entreterreetciel.org\/wp-content\/uploads\/2020\/12\/aile-seule-300x225.jpg 300w, https:\/\/entreterreetciel.org\/wp-content\/uploads\/2020\/12\/aile-seule-768x576.jpg 768w\" sizes=\"auto, (max-width: 800px) 100vw, 800px\" \/><\/figure>\n","protected":false},"excerpt":{"rendered":"<p>Acc\u00e8s gratuit Plus de renseignements sur les intervenants en rubrique \u00ab\u00a0exposants\u00a0\u00bb LIEU : Salle du bas 11h : Jean-Fran\u00e7ois THOMAS : la g\u00e9obiologie. 12h : Anne-Virginie HERVOCHES : la qu\u00eate spirituelle de l&rsquo;\u00e2me. 14h : Patrick BETOUS : parlons des signes en astrologie. 15h : Sandrine MILLERIN : en finir avec les r\u00e9actions allergiques et <a class=\"read-more\" href=\"https:\/\/entreterreetciel.org\/index.php\/dimanche-2\/\">Lire la suite<\/a><\/p>\n","protected":false},"author":1,"featured_media":0,"parent":0,"menu_order":0,"comment_status":"closed","ping_status":"closed","template":"","meta":{"footnotes":""},"class_list":["post-21","page","type-page","status-publish","hentry"],"_links":{"self":[{"href":"https:\/\/entreterreetciel.org\/index.php\/wp-json\/wp\/v2\/pages\/21","targetHints":{"allow":["GET"]}}],"collection":[{"href":"https:\/\/entreterreetciel.org\/index.php\/wp-json\/wp\/v2\/pages"}],"about":[{"href":"https:\/\/entreterreetciel.org\/index.php\/wp-json\/wp\/v2\/types\/page"}],"author":[{"embeddable":true,"href":"https:\/\/entreterreetciel.org\/index.php\/wp-json\/wp\/v2\/users\/1"}],"replies":[{"embeddable":true,"href":"https:\/\/entreterreetciel.org\/index.php\/wp-json\/wp\/v2\/comments?post=21"}],"version-history":[{"count":72,"href":"https:\/\/entreterreetciel.org\/index.php\/wp-json\/wp\/v2\/pages\/21\/revisions"}],"predecessor-version":[{"id":1793,"href":"https:\/\/entreterreetciel.org\/index.php\/wp-json\/wp\/v2\/pages\/21\/revisions\/1793"}],"wp:attachment":[{"href":"https:\/\/entreterreetciel.org\/index.php\/wp-json\/wp\/v2\/media?parent=21"}],"curies":[{"name":"wp","href":"https:\/\/api.w.org\/{rel}","templated":true}]}}