{"id":28,"date":"2020-11-14T15:14:08","date_gmt":"2020-11-14T14:14:08","guid":{"rendered":"http:\/\/entreterreetciel.org\/?page_id=28"},"modified":"2026-03-07T19:31:10","modified_gmt":"2026-03-07T18:31:10","slug":"spiritualite-esoterisme","status":"publish","type":"page","link":"https:\/\/entreterreetciel.org\/index.php\/spiritualite-esoterisme\/","title":{"rendered":"Spiritualit\u00e9 \/ \u00e9sot\u00e9risme"},"content":{"rendered":"\n<div class=\"wp-block-media-text alignfull\" style=\"grid-template-columns:15% auto\"><figure class=\"wp-block-media-text__media\"><img loading=\"lazy\" decoding=\"async\" width=\"800\" height=\"600\" src=\"http:\/\/entreterreetciel.org\/wp-content\/uploads\/2020\/12\/aile-seule.jpg\" alt=\"\" class=\"wp-image-210 size-full\" srcset=\"https:\/\/entreterreetciel.org\/wp-content\/uploads\/2020\/12\/aile-seule.jpg 800w, https:\/\/entreterreetciel.org\/wp-content\/uploads\/2020\/12\/aile-seule-300x225.jpg 300w, https:\/\/entreterreetciel.org\/wp-content\/uploads\/2020\/12\/aile-seule-768x576.jpg 768w\" sizes=\"auto, (max-width: 800px) 100vw, 800px\" \/><\/figure><div class=\"wp-block-media-text__content\">\n<p><strong>BETOUS Patrick<\/strong><br>(Patrick astrologue conseil)<br>Astrologue\/m\u00e9dium<br>p.betous@gmail.com<br>06.89.50.70.50<br><a href=\"https:\/\/www.patrick-astrologue-conseil.fr\/\">https:\/\/www.patrick-astrologue-conseil.fr\/<\/a><\/p>\n\n\n\n<p><\/p>\n\n\n\n<p><strong>CHAUVIN Myriam<\/strong><br>(Mira)<br>M\u00e9dium\/Voyance<br>m.chauvin5629@gmail.com<br>06.70.58.01.81<\/p>\n\n\n\n<p><strong>COLLIGUER Pauline<\/strong><br>Accompagnement holistique<br>pauline-colliguer@outlook.fr<br>06.25.71.25.18<br><a href=\"http:\/\/pauline-naturopathe.odoo.com\">http:\/\/pauline-naturopathe.odoo.com<\/a><\/p>\n\n\n\n<p><br><\/p>\n\n\n\n<p><strong>FLEURY Audrey<\/strong><br>(O&rsquo;drey \u00e9nergies)<br>Magn\u00e9tiseuse\/coupeuse de feu\/g\u00e9obiologue<br>odreyenergies@gmail.com<br>06.80.87.86.47<br><a href=\"http:\/\/odreyenergies.my.canva.site\/\">http:\/\/odreyenergies.my.canva.site\/<\/a><\/p>\n\n\n\n<p><br><strong>GAUMEZ Nicole<\/strong><br>(Ondes de lumi\u00e8re)<br>Th\u00e9rapeute holistique<br>ngaumez@gmail.com<br>06.87.36.84.07<br><a href=\"http:\/\/www.ondesdelumiere.fr\">http:\/\/www.ondesdelumiere.fr<\/a><\/p>\n\n\n\n<p><strong>HAMON V\u00e9ronique<\/strong><br>Cartomancie<br>HAMONVERONIQUE21@gmail.com<br>06.41.36.76.82<br><\/p>\n\n\n\n<p><\/p>\n\n\n\n<p><strong>HERVOCHES Anne-Virginie<\/strong><br>Guidance quantique \u00ab\u00a0mission d&rsquo;incarnation de l&rsquo;\u00e2me\u00a0\u00bb<br>anne-v17@outlook.fr<br>06.67.83.01.87<br><a href=\"https:\/\/delta-guidance.jimdofree.com\">https:\/\/delta-guidance.jimdofree.com<\/a><br><\/p>\n\n\n\n<p><strong>JEZO Elisabeth et CARRERE Dominique<\/strong><br>(Association \u00ab\u00a0au c\u0153ur de shamballa)<br>Soins \u00e9nerg\u00e9tiques, cartes et tableaux<br>aucoeurdeshamballa@gmail.com<br>07.78.26.65.63<br><a href=\"http:\/\/aucoeurdeshamballa.com\">http:\/\/aucoeurdeshamballa.com<\/a><br><\/p>\n\n\n\n<p><strong>KLEIN Martine<\/strong><br>(Fil&amp;Soi)<br>Psychog\u00e9n\u00e9alogie\/Transg\u00e9n\u00e9rationnel\/tissage d&rsquo;art<br>fil.soi.mk@gmail.com<br>06.26.70.59.41<br><a href=\"http:\/\/www.filetsoi.com\">www.filetsoi.com<\/a><\/p>\n\n\n\n<p><strong>LE CAIGNEC S\u00e9verine<\/strong><br>(les biens-f\u00e9e d&rsquo;Anthalya)<br>Cr\u00e9atrice\/Artisane bijoux et autres produits<br>elfecreative@gmail.com<br>07.68.6135.92<br><a href=\"https:\/\/lesbiensfeedanthalya.sumupstore.com\/\">https:\/\/lesbiensfeedanthalya.sumupstore.com\/<\/a><\/p>\n\n\n\n<p><strong>LE HOUEDEC B\u00e9atrice<\/strong><br>voyance\/astrologie\/cartomancienne<br>lehouedecbeatrice@hotmail.fr<br>06.61.47.36.09<\/p>\n\n\n\n<p><strong>LE NEILLON Brigitte<\/strong><br>(enqu\u00eate de sens)<br>Num\u00e9rologue\/praticienne en guidance reconnective<br>EQDSENS56@gmail.com<br>06.75.96.89.43<br><br><\/p>\n\n\n\n<p><strong>LE ROUX Christophe<\/strong><br>(Good-feeling)<br>Voyance<br>christophe_leroux@outlook.fr<br>06.30.84.95.27<br><a href=\"https:\/\/good-feeling.fr\">https:\/\/good-feeling.fr<\/a><br><br><\/p>\n\n\n\n<p><strong>MAGNAC Sylvie<\/strong><br>(Cosmos int\u00e9rieur)<br>Ateliers et consultations d&rsquo;astrologie<br>magnac.sylvie@gmail.com<br>06.74.64.92.66<br><a href=\"http:\/\/cosmos.interieur.free.fr\">http:\/\/cosmos.interieur.free.f<\/a>r<\/p>\n\n\n\n<p><strong>MALLEGOL Rapha\u00eble<\/strong><br>M\u00e9diumnit\u00e9 et voyance\/g\u00e9obiologue\/\u00e9nerg\u00e9ticienne<br>raphaele.voyance@yahoo.com<br>06.03.27.77.96<br>Facebook et instagram : Rapha Ailes Voyance<\/p>\n\n\n\n<p><strong>POULINGUE Camille<\/strong><br>(o fil des arbres)<br>Arbrologue\/bio-\u00e9nerg\u00e9ticien<br>solBZH61@gmail.com<br>06.31.25.63.78<\/p>\n\n\n\n<p><\/p>\n\n\n\n<p><strong>RIBAUD Nathalie<\/strong><br>psychog\u00e9n\u00e9alogiste\/num\u00e9rologue<br>nathalie.ribaud@laposte.net<br> 06.73.23.48.23<br><a href=\"https:\/\/nathalie-ribaud-medium.fr\">https:\/\/nathalie-ribaud-medium.fr<\/a><\/p>\n\n\n\n<p><strong>RIBES St\u00e9phane<\/strong><br>Gu\u00e9risseur<br>naturoma56@gmail.com<br>06.68.85.15.62<br><a href=\"http:\/\/www.stephane-ribes.fr\">http:\/\/www.stephane-ribes.fr<\/a><\/p>\n\n\n\n<p><strong>SELLIN Nathalie<\/strong><br>Th\u00e9rapeute psycho-corporelle<br>nathasellin@gmail.com<br>06.01.77.89.97<br><a href=\"https:\/\/nathasellin9.wixsite.com\/my-site\">https:\/\/nathasellin9.wixsite.com\/my-site<\/a><\/p>\n\n\n\n<p><strong>SELMANE Yasmine<\/strong><br>(\u00f4 r\u00e2 arc en ciel)<br>jasmin.sel@hotmail.fr<br>06.14.16.22.89<br><br><\/p>\n\n\n\n<p><strong>SIMON G\u00e9rard<\/strong><br>(G\u00e9rard M\u00e9dium)<br>M\u00e9dium\/\u00e9nerg\u00e9ticien<br>gerard@gerard-medium.com<br>06.60.37.14.97<br><a href=\"http:\/\/www.gerard-medium.com\">http:\/\/www.gerard-medium.com<\/a><\/p>\n\n\n\n<p><\/p>\n\n\n\n<p><strong>THOMAS Jean-Fran\u00e7ois<\/strong><br>G\u00e9obiologue<br>tjfrancois@sfr.fr<br>06.23.73.39.63<br><a href=\"https:\/\/geobio56.fr\">https:\/\/geobio56.fr<\/a><\/p>\n\n\n\n<p><strong>TULOUP Odile<\/strong><br>(souffle de vibra-sons)<br>Sonoth\u00e9rapie \u00e9nerg\u00e9tique\/auto-massage\/chant du souffle<br>souffledevibra.sons@gmail.com<br>06.87.06.88.60<br><a href=\"http:\/\/souffledevibra-sons.fr\">http:\/\/souffledevibra-sons.fr<\/a><\/p>\n\n\n\n<p><strong>VANNEUFVILLE Jenny<\/strong><br>(\u00e9cole de yoga Mysore)<br>Yoga et sons<br>yoga.son.enmouvement.jenny@gmail.com<br>06.02.43.96.68<br><a href=\"http:\/\/www.yogasonenmouvement.com\">http:\/\/www.yogasonenmouvement.com<\/a><br><\/p>\n\n\n\n<p><\/p>\n\n\n\n<p><br><\/p>\n\n\n\n<p><\/p>\n\n\n\n<p class=\"has-large-font-size\"><\/p>\n<\/div><\/div>\n\n\n\n<p><\/p>\n\n\n\n<div class=\"wp-block-columns is-layout-flex wp-container-core-columns-is-layout-9d6595d7 wp-block-columns-is-layout-flex\">\n<div class=\"wp-block-column is-layout-flow wp-block-column-is-layout-flow\" style=\"flex-basis:100%\">\n<div class=\"wp-block-columns is-layout-flex wp-container-core-columns-is-layout-9d6595d7 wp-block-columns-is-layout-flex\">\n<div class=\"wp-block-column is-layout-flow wp-block-column-is-layout-flow\" style=\"flex-basis:100%\">\n<div class=\"wp-block-group\"><div class=\"wp-block-group__inner-container is-layout-flow wp-block-group-is-layout-flow\"><\/div><\/div>\n<\/div>\n<\/div>\n<\/div>\n<\/div>\n\n\n\n<div class=\"wp-block-columns is-layout-flex wp-container-core-columns-is-layout-9d6595d7 wp-block-columns-is-layout-flex\">\n<div class=\"wp-block-column is-vertically-aligned-top is-layout-flow wp-block-column-is-layout-flow\" style=\"flex-basis:100%\">\n<p><\/p>\n<\/div>\n<\/div>\n\n\n\n<div class=\"wp-block-media-text alignfull\" style=\"grid-template-columns:15% auto\"><figure class=\"wp-block-media-text__media\"><img loading=\"lazy\" decoding=\"async\" width=\"800\" height=\"600\" src=\"http:\/\/entreterreetciel.org\/wp-content\/uploads\/2020\/12\/aile-seule.jpg\" alt=\"\" class=\"wp-image-210 size-full\" srcset=\"https:\/\/entreterreetciel.org\/wp-content\/uploads\/2020\/12\/aile-seule.jpg 800w, https:\/\/entreterreetciel.org\/wp-content\/uploads\/2020\/12\/aile-seule-300x225.jpg 300w, https:\/\/entreterreetciel.org\/wp-content\/uploads\/2020\/12\/aile-seule-768x576.jpg 768w\" sizes=\"auto, (max-width: 800px) 100vw, 800px\" \/><\/figure><div class=\"wp-block-media-text__content\">\n<p class=\"has-large-font-size\"><\/p>\n<\/div><\/div>\n\n\n\n<div class=\"wp-block-media-text alignfull\" style=\"grid-template-columns:15% auto\"><figure class=\"wp-block-media-text__media\"><img loading=\"lazy\" decoding=\"async\" width=\"800\" height=\"600\" src=\"http:\/\/entreterreetciel.org\/wp-content\/uploads\/2020\/12\/aile-seule.jpg\" alt=\"\" class=\"wp-image-210 size-full\" srcset=\"https:\/\/entreterreetciel.org\/wp-content\/uploads\/2020\/12\/aile-seule.jpg 800w, https:\/\/entreterreetciel.org\/wp-content\/uploads\/2020\/12\/aile-seule-300x225.jpg 300w, https:\/\/entreterreetciel.org\/wp-content\/uploads\/2020\/12\/aile-seule-768x576.jpg 768w\" sizes=\"auto, (max-width: 800px) 100vw, 800px\" \/><\/figure><div class=\"wp-block-media-text__content\">\n<p class=\"has-large-font-size\"><\/p>\n<\/div><\/div>\n\n\n\n<div class=\"wp-block-media-text alignfull\" style=\"grid-template-columns:15% auto\"><figure class=\"wp-block-media-text__media\"><img loading=\"lazy\" decoding=\"async\" width=\"800\" height=\"600\" src=\"http:\/\/entreterreetciel.org\/wp-content\/uploads\/2020\/12\/aile-seule.jpg\" alt=\"\" class=\"wp-image-210 size-full\" srcset=\"https:\/\/entreterreetciel.org\/wp-content\/uploads\/2020\/12\/aile-seule.jpg 800w, https:\/\/entreterreetciel.org\/wp-content\/uploads\/2020\/12\/aile-seule-300x225.jpg 300w, https:\/\/entreterreetciel.org\/wp-content\/uploads\/2020\/12\/aile-seule-768x576.jpg 768w\" sizes=\"auto, (max-width: 800px) 100vw, 800px\" \/><\/figure><div class=\"wp-block-media-text__content\">\n<p><br><\/p>\n\n\n\n<p><\/p>\n\n\n\n<p><\/p>\n\n\n\n<p><\/p>\n\n\n\n<p><\/p>\n\n\n\n<p class=\"has-large-font-size\"><\/p>\n\n\n\n<p><\/p>\n\n\n\n<p><\/p>\n<\/div><\/div>\n\n\n\n<div class=\"wp-block-media-text alignfull\" style=\"grid-template-columns:15% auto\"><figure class=\"wp-block-media-text__media\"><img loading=\"lazy\" decoding=\"async\" width=\"800\" height=\"600\" src=\"http:\/\/entreterreetciel.org\/wp-content\/uploads\/2020\/12\/aile-seule.jpg\" alt=\"\" class=\"wp-image-210 size-full\" srcset=\"https:\/\/entreterreetciel.org\/wp-content\/uploads\/2020\/12\/aile-seule.jpg 800w, https:\/\/entreterreetciel.org\/wp-content\/uploads\/2020\/12\/aile-seule-300x225.jpg 300w, https:\/\/entreterreetciel.org\/wp-content\/uploads\/2020\/12\/aile-seule-768x576.jpg 768w\" sizes=\"auto, (max-width: 800px) 100vw, 800px\" \/><\/figure><div class=\"wp-block-media-text__content\">\n<p class=\"has-large-font-size\"><\/p>\n<\/div><\/div>\n\n\n\n<div class=\"wp-block-media-text alignfull\" style=\"grid-template-columns:15% auto\"><figure class=\"wp-block-media-text__media\"><img loading=\"lazy\" decoding=\"async\" width=\"800\" height=\"600\" src=\"http:\/\/entreterreetciel.org\/wp-content\/uploads\/2020\/12\/aile-seule.jpg\" alt=\"\" class=\"wp-image-210 size-full\" srcset=\"https:\/\/entreterreetciel.org\/wp-content\/uploads\/2020\/12\/aile-seule.jpg 800w, https:\/\/entreterreetciel.org\/wp-content\/uploads\/2020\/12\/aile-seule-300x225.jpg 300w, https:\/\/entreterreetciel.org\/wp-content\/uploads\/2020\/12\/aile-seule-768x576.jpg 768w\" sizes=\"auto, (max-width: 800px) 100vw, 800px\" \/><\/figure><div class=\"wp-block-media-text__content\">\n<p class=\"has-large-font-size\"><\/p>\n<\/div><\/div>\n\n\n\n<div class=\"wp-block-media-text alignfull\" style=\"grid-template-columns:15% auto\"><figure class=\"wp-block-media-text__media\"><img loading=\"lazy\" decoding=\"async\" width=\"800\" height=\"600\" src=\"http:\/\/entreterreetciel.org\/wp-content\/uploads\/2020\/12\/aile-seule.jpg\" alt=\"\" class=\"wp-image-210 size-full\" srcset=\"https:\/\/entreterreetciel.org\/wp-content\/uploads\/2020\/12\/aile-seule.jpg 800w, https:\/\/entreterreetciel.org\/wp-content\/uploads\/2020\/12\/aile-seule-300x225.jpg 300w, https:\/\/entreterreetciel.org\/wp-content\/uploads\/2020\/12\/aile-seule-768x576.jpg 768w\" sizes=\"auto, (max-width: 800px) 100vw, 800px\" \/><\/figure><div class=\"wp-block-media-text__content\">\n<p class=\"has-large-font-size\"><\/p>\n<\/div><\/div>\n\n\n\n<div class=\"wp-block-media-text alignfull\" style=\"grid-template-columns:15% auto\"><figure class=\"wp-block-media-text__media\"><img loading=\"lazy\" decoding=\"async\" width=\"800\" height=\"600\" src=\"http:\/\/entreterreetciel.org\/wp-content\/uploads\/2020\/12\/aile-seule.jpg\" alt=\"\" class=\"wp-image-210 size-full\" srcset=\"https:\/\/entreterreetciel.org\/wp-content\/uploads\/2020\/12\/aile-seule.jpg 800w, https:\/\/entreterreetciel.org\/wp-content\/uploads\/2020\/12\/aile-seule-300x225.jpg 300w, https:\/\/entreterreetciel.org\/wp-content\/uploads\/2020\/12\/aile-seule-768x576.jpg 768w\" sizes=\"auto, (max-width: 800px) 100vw, 800px\" \/><\/figure><div class=\"wp-block-media-text__content\">\n<p class=\"has-large-font-size\"><\/p>\n<\/div><\/div>\n\n\n\n<div class=\"wp-block-media-text alignfull\" style=\"grid-template-columns:15% auto\"><figure class=\"wp-block-media-text__media\"><img loading=\"lazy\" decoding=\"async\" width=\"800\" height=\"600\" src=\"http:\/\/entreterreetciel.org\/wp-content\/uploads\/2020\/12\/aile-seule.jpg\" alt=\"\" class=\"wp-image-210 size-full\" srcset=\"https:\/\/entreterreetciel.org\/wp-content\/uploads\/2020\/12\/aile-seule.jpg 800w, https:\/\/entreterreetciel.org\/wp-content\/uploads\/2020\/12\/aile-seule-300x225.jpg 300w, https:\/\/entreterreetciel.org\/wp-content\/uploads\/2020\/12\/aile-seule-768x576.jpg 768w\" sizes=\"auto, (max-width: 800px) 100vw, 800px\" \/><\/figure><div class=\"wp-block-media-text__content\">\n<p><\/p>\n<\/div><\/div>\n","protected":false},"excerpt":{"rendered":"<p>BETOUS Patrick(Patrick astrologue conseil)Astrologue\/m\u00e9diump.betous@gmail.com06.89.50.70.50https:\/\/www.patrick-astrologue-conseil.fr\/ CHAUVIN Myriam(Mira)M\u00e9dium\/Voyancem.chauvin5629@gmail.com06.70.58.01.81 COLLIGUER PaulineAccompagnement holistiquepauline-colliguer@outlook.fr06.25.71.25.18http:\/\/pauline-naturopathe.odoo.com FLEURY Audrey(O&rsquo;drey \u00e9nergies)Magn\u00e9tiseuse\/coupeuse de feu\/g\u00e9obiologueodreyenergies@gmail.com06.80.87.86.47http:\/\/odreyenergies.my.canva.site\/ GAUMEZ Nicole(Ondes de lumi\u00e8re)Th\u00e9rapeute holistiquengaumez@gmail.com06.87.36.84.07http:\/\/www.ondesdelumiere.fr HAMON V\u00e9roniqueCartomancieHAMONVERONIQUE21@gmail.com06.41.36.76.82 HERVOCHES Anne-VirginieGuidance quantique \u00ab\u00a0mission d&rsquo;incarnation de l&rsquo;\u00e2me\u00a0\u00bbanne-v17@outlook.fr06.67.83.01.87https:\/\/delta-guidance.jimdofree.com JEZO Elisabeth et CARRERE Dominique(Association \u00ab\u00a0au c\u0153ur de shamballa)Soins \u00e9nerg\u00e9tiques, cartes et tableauxaucoeurdeshamballa@gmail.com07.78.26.65.63http:\/\/aucoeurdeshamballa.com KLEIN Martine(Fil&amp;Soi)Psychog\u00e9n\u00e9alogie\/Transg\u00e9n\u00e9rationnel\/tissage d&rsquo;artfil.soi.mk@gmail.com06.26.70.59.41www.filetsoi.com LE CAIGNEC S\u00e9verine(les biens-f\u00e9e d&rsquo;Anthalya)Cr\u00e9atrice\/Artisane bijoux et autres produitselfecreative@gmail.com07.68.6135.92https:\/\/lesbiensfeedanthalya.sumupstore.com\/ LE HOUEDEC <a class=\"read-more\" href=\"https:\/\/entreterreetciel.org\/index.php\/spiritualite-esoterisme\/\">Lire la suite<\/a><\/p>\n","protected":false},"author":1,"featured_media":0,"parent":0,"menu_order":0,"comment_status":"closed","ping_status":"closed","template":"","meta":{"footnotes":""},"class_list":["post-28","page","type-page","status-publish","hentry"],"_links":{"self":[{"href":"https:\/\/entreterreetciel.org\/index.php\/wp-json\/wp\/v2\/pages\/28","targetHints":{"allow":["GET"]}}],"collection":[{"href":"https:\/\/entreterreetciel.org\/index.php\/wp-json\/wp\/v2\/pages"}],"about":[{"href":"https:\/\/entreterreetciel.org\/index.php\/wp-json\/wp\/v2\/types\/page"}],"author":[{"embeddable":true,"href":"https:\/\/entreterreetciel.org\/index.php\/wp-json\/wp\/v2\/users\/1"}],"replies":[{"embeddable":true,"href":"https:\/\/entreterreetciel.org\/index.php\/wp-json\/wp\/v2\/comments?post=28"}],"version-history":[{"count":134,"href":"https:\/\/entreterreetciel.org\/index.php\/wp-json\/wp\/v2\/pages\/28\/revisions"}],"predecessor-version":[{"id":1790,"href":"https:\/\/entreterreetciel.org\/index.php\/wp-json\/wp\/v2\/pages\/28\/revisions\/1790"}],"wp:attachment":[{"href":"https:\/\/entreterreetciel.org\/index.php\/wp-json\/wp\/v2\/media?parent=28"}],"curies":[{"name":"wp","href":"https:\/\/api.w.org\/{rel}","templated":true}]}}