{"id":30,"date":"2020-11-14T15:14:26","date_gmt":"2020-11-14T14:14:26","guid":{"rendered":"http:\/\/entreterreetciel.org\/?page_id=30"},"modified":"2026-03-09T13:11:13","modified_gmt":"2026-03-09T12:11:13","slug":"soins-du-corps","status":"publish","type":"page","link":"https:\/\/entreterreetciel.org\/index.php\/soins-du-corps\/","title":{"rendered":"Soins du corps"},"content":{"rendered":"\n<div class=\"wp-block-media-text alignfull\" style=\"grid-template-columns:15% auto\"><figure class=\"wp-block-media-text__media\"><img loading=\"lazy\" decoding=\"async\" width=\"800\" height=\"600\" src=\"http:\/\/entreterreetciel.org\/wp-content\/uploads\/2020\/12\/aile-seule.jpg\" alt=\"\" class=\"wp-image-210 size-full\" srcset=\"https:\/\/entreterreetciel.org\/wp-content\/uploads\/2020\/12\/aile-seule.jpg 800w, https:\/\/entreterreetciel.org\/wp-content\/uploads\/2020\/12\/aile-seule-300x225.jpg 300w, https:\/\/entreterreetciel.org\/wp-content\/uploads\/2020\/12\/aile-seule-768x576.jpg 768w\" sizes=\"auto, (max-width: 800px) 100vw, 800px\" \/><\/figure><div class=\"wp-block-media-text__content\">\n<p><\/p>\n\n\n\n<p><strong>BERTHOU YNESTA Myriam<\/strong><br>Naturopathe\/Fleurs de Bach\/cr\u00e9ation d&rsquo;attrapes r\u00eaves<br>myriam.berthouynesta@gmail.com<br>06.48.23.73.06<br><a href=\"http:\/\/www.myriamnaturopathe.fr\">www.myriamnaturopathe.fr<\/a><\/p>\n\n\n\n<p><strong>CARDUNER-LE POULICHET Christine<\/strong><br>R\u00e9flexologue<br>christine.lp@hotmail.fr<br>06.61.95.87.94<br><a href=\"http:\/\/www.christinereflexologie.fr\">http:\/\/www.christinereflexologie.fr<\/a><\/p>\n\n\n\n<p><strong>COLLIGUER Pauline<\/strong><br>Accompagnement holistique<br>pauline-colliguer@outlook.fr<br>06.25.71.25.18<br><a href=\"http:\/\/pauline-naturopathe.odoo.com\">http:\/\/pauline-naturopathe.odoo.com<\/a><\/p>\n\n\n\n<p><strong>FLEURY Audrey<\/strong><br>(O&rsquo;drey \u00e9nergies)<br>Magn\u00e9tiseuse\/coupeuse de feu\/g\u00e9obiologue<br>odreyenergies@gmail.com<br>06.80.87.86.47<br><a href=\"http:\/\/odreyenergies.my.canva.site\/\">http:\/\/odreyenergies.my.canva.site\/<\/a><br><\/p>\n\n\n\n<p><strong>JEHANNO Marl\u00e8ne<\/strong><br>Coach m\u00e9dium<br>si-tael@hotmail.fr<br>06.80.36.23.43<br><a href=\"http:\/\/www.marlenejehanno.fr\">http:\/\/www.marlenejehanno.fr<\/a><\/p>\n\n\n\n<p><strong>KERESPARS Olivier<\/strong><br>(Olkzen shiatsu)<br>olkzenshiatsu@gmail.com<br>06.50.41.88.07<br><a href=\"http:\/\/olkzen-shiatsu.fr\">http:\/\/olkzen-shiatsu.fr<\/a><\/p>\n<\/div><\/div>\n\n\n\n<div class=\"wp-block-media-text alignfull\" style=\"grid-template-columns:15% auto\"><figure class=\"wp-block-media-text__media\"><img loading=\"lazy\" decoding=\"async\" width=\"800\" height=\"600\" src=\"http:\/\/entreterreetciel.org\/wp-content\/uploads\/2020\/12\/aile-seule.jpg\" alt=\"\" class=\"wp-image-210 size-full\" srcset=\"https:\/\/entreterreetciel.org\/wp-content\/uploads\/2020\/12\/aile-seule.jpg 800w, https:\/\/entreterreetciel.org\/wp-content\/uploads\/2020\/12\/aile-seule-300x225.jpg 300w, https:\/\/entreterreetciel.org\/wp-content\/uploads\/2020\/12\/aile-seule-768x576.jpg 768w\" sizes=\"auto, (max-width: 800px) 100vw, 800px\" \/><\/figure><div class=\"wp-block-media-text__content\">\n<p><strong>LE GOFF Herv\u00e9<\/strong><br>(Institut JianKang)<br>Digitoth\u00e9rapie<br>contact@institut-jiankang.fr<br>06.70.11.90.79<br><a href=\"https:\/\/www.institut-jiankang.fr\">https:\/\/www.institut-jiankang.f<\/a>r<\/p>\n\n\n\n<p><strong>LE GUELLAUT Marielle<\/strong><br>(Ty&rsquo;Bout)<br>Consultante p\u00e9rinatale et parentale<br>ty.bout29380@gmail.com<br>06.85.58.60.29<br><\/p>\n\n\n\n<p><strong>MARION Erell<\/strong><br>(Espace Chiropratique)<br>Chiropracteure<br>erellmarion.dc@gmail.com<br>07.52.06.50.70<br><a href=\"https:\/\/chiropracteur-quimperle.fr\">https:\/\/chiropracteur-quimperle.fr<\/a><\/p>\n\n\n\n<p><strong>MILLERIN Sandrine<\/strong><br>Kin\u00e9siologue\/praticienne \u00ab\u00a0bye bye allergies\u00a0\u00bb<br>gesan77100@gmail.com<br>06.15.16.91.56<\/p>\n\n\n\n<p><strong>SIDIBI Awa-Karine<\/strong><br>(Mes mains pour votre bien)<br>Soins et accompagnements \u00e9nerg\u00e9tiques\/massages intuitifs et \u00e9nerg\u00e9tiques<br>contact@mesmainspourvotrebien.com<br>06.52.62.04.79<br><a href=\"http:\/\/mesmainspourvotrebien.com\">http:\/\/mesmainspourvotrebien.com<\/a><br><\/p>\n\n\n\n<p><\/p>\n\n\n\n<p><strong>STAIGRE Margerine<\/strong><br>(A.M.E Alimentation-Mouvement-Energie)<br>Nutrith\u00e9rapie et praticienne psychocorporelle<br>contact@margerinestaigre.com<br>06.68.62.29.56<br><a href=\"http:\/\/margerinestaigre.com\">http:\/\/margerinestaigre.com<\/a><\/p>\n\n\n\n<p><strong>TULOUP Odile<\/strong><br>(souffle de vibra-sons)<br>Sonoth\u00e9rapie \u00e9nerg\u00e9tique\/auto-massage\/chant du souffle<br>souffledevibra.sons@gmail.com<br>06.87.06.88.60<br><a href=\"http:\/\/souffledevibra-sons.fr\">http:\/\/souffledevibra-sons.fr<\/a><\/p>\n\n\n\n<p><strong>VANNEUFVILLE Jenny<\/strong><br>(\u00e9cole de yoga Mysore)<br>Yoga et sons<br>yoga.son.enmouvement.jenny@gmail.com<br>06.02.43.96.68<br><a href=\"http:\/\/www.yogasonenmouvement.com\">http:\/\/www.yogasonenmouvement.com<\/a><br><\/p>\n\n\n\n<p><strong>VERONNEAU Josette<\/strong><br>Conseill\u00e8re en fleurs de Bach et \u00e9lixirs floraux<br>josettelenaour@gmail.com<br>06.67.66.31.87<\/p>\n\n\n\n<p><strong>VIGIER-GUYOMAR St\u00e9phane<\/strong><br>(HEA-Harmonie et \u00e9quilibre de l&rsquo;\u00e2me)<br>Th\u00e9rapeute massages et soins \u00e9nerg\u00e9tiques<br>st\u00e9phane.vg@protonmail.com<br>07.68.93.56.68<br><a href=\"http:\/\/www.stephanevigier-guyomar.com\">http:\/\/www.stephanevigier-guyomar.com<\/a><\/p>\n\n\n\n<p><br><br><\/p>\n\n\n\n<p><\/p>\n<\/div><\/div>\n\n\n\n<div class=\"wp-block-columns is-layout-flex wp-container-core-columns-is-layout-9d6595d7 wp-block-columns-is-layout-flex\">\n<div class=\"wp-block-column is-layout-flow wp-block-column-is-layout-flow\" style=\"flex-basis:100%\"><\/div>\n<\/div>\n\n\n\n<div class=\"wp-block-media-text alignfull\" style=\"grid-template-columns:15% auto\"><figure class=\"wp-block-media-text__media\"><img loading=\"lazy\" decoding=\"async\" width=\"800\" height=\"600\" src=\"http:\/\/entreterreetciel.org\/wp-content\/uploads\/2020\/12\/aile-seule.jpg\" alt=\"\" class=\"wp-image-210 size-full\" srcset=\"https:\/\/entreterreetciel.org\/wp-content\/uploads\/2020\/12\/aile-seule.jpg 800w, https:\/\/entreterreetciel.org\/wp-content\/uploads\/2020\/12\/aile-seule-300x225.jpg 300w, https:\/\/entreterreetciel.org\/wp-content\/uploads\/2020\/12\/aile-seule-768x576.jpg 768w\" sizes=\"auto, (max-width: 800px) 100vw, 800px\" \/><\/figure><div class=\"wp-block-media-text__content\">\n<div class=\"wp-block-group\"><div class=\"wp-block-group__inner-container is-layout-flow wp-block-group-is-layout-flow\"><\/div><\/div>\n<\/div><\/div>\n\n\n\n<div class=\"wp-block-media-text alignfull\" style=\"grid-template-columns:15% auto\"><figure class=\"wp-block-media-text__media\"><img loading=\"lazy\" decoding=\"async\" width=\"800\" height=\"600\" src=\"http:\/\/entreterreetciel.org\/wp-content\/uploads\/2020\/12\/aile-seule.jpg\" alt=\"\" class=\"wp-image-210 size-full\" srcset=\"https:\/\/entreterreetciel.org\/wp-content\/uploads\/2020\/12\/aile-seule.jpg 800w, https:\/\/entreterreetciel.org\/wp-content\/uploads\/2020\/12\/aile-seule-300x225.jpg 300w, https:\/\/entreterreetciel.org\/wp-content\/uploads\/2020\/12\/aile-seule-768x576.jpg 768w\" sizes=\"auto, (max-width: 800px) 100vw, 800px\" \/><\/figure><div class=\"wp-block-media-text__content\">\n<p class=\"has-large-font-size\"><\/p>\n<\/div><\/div>\n\n\n\n<div class=\"wp-block-media-text alignfull\" style=\"grid-template-columns:15% auto\"><figure class=\"wp-block-media-text__media\"><img loading=\"lazy\" decoding=\"async\" width=\"800\" height=\"600\" src=\"http:\/\/entreterreetciel.org\/wp-content\/uploads\/2020\/12\/aile-seule.jpg\" alt=\"\" class=\"wp-image-210 size-full\" srcset=\"https:\/\/entreterreetciel.org\/wp-content\/uploads\/2020\/12\/aile-seule.jpg 800w, https:\/\/entreterreetciel.org\/wp-content\/uploads\/2020\/12\/aile-seule-300x225.jpg 300w, https:\/\/entreterreetciel.org\/wp-content\/uploads\/2020\/12\/aile-seule-768x576.jpg 768w\" sizes=\"auto, (max-width: 800px) 100vw, 800px\" \/><\/figure><div class=\"wp-block-media-text__content\">\n<div class=\"wp-block-group\"><div class=\"wp-block-group__inner-container is-layout-flow wp-block-group-is-layout-flow\">\n<p><\/p>\n<\/div><\/div>\n<\/div><\/div>\n\n\n\n<div class=\"wp-block-media-text alignfull\" style=\"grid-template-columns:15% auto\"><figure class=\"wp-block-media-text__media\"><img loading=\"lazy\" decoding=\"async\" width=\"800\" height=\"600\" src=\"http:\/\/entreterreetciel.org\/wp-content\/uploads\/2020\/12\/aile-seule.jpg\" alt=\"\" class=\"wp-image-210 size-full\" srcset=\"https:\/\/entreterreetciel.org\/wp-content\/uploads\/2020\/12\/aile-seule.jpg 800w, https:\/\/entreterreetciel.org\/wp-content\/uploads\/2020\/12\/aile-seule-300x225.jpg 300w, https:\/\/entreterreetciel.org\/wp-content\/uploads\/2020\/12\/aile-seule-768x576.jpg 768w\" sizes=\"auto, (max-width: 800px) 100vw, 800px\" \/><\/figure><div class=\"wp-block-media-text__content\">\n<p class=\"has-large-font-size\"><\/p>\n<\/div><\/div>\n\n\n\n<div class=\"wp-block-media-text alignfull\" style=\"grid-template-columns:15% auto\"><figure class=\"wp-block-media-text__media\"><img loading=\"lazy\" decoding=\"async\" width=\"800\" height=\"600\" src=\"http:\/\/entreterreetciel.org\/wp-content\/uploads\/2020\/12\/aile-seule.jpg\" alt=\"\" class=\"wp-image-210 size-full\" srcset=\"https:\/\/entreterreetciel.org\/wp-content\/uploads\/2020\/12\/aile-seule.jpg 800w, https:\/\/entreterreetciel.org\/wp-content\/uploads\/2020\/12\/aile-seule-300x225.jpg 300w, https:\/\/entreterreetciel.org\/wp-content\/uploads\/2020\/12\/aile-seule-768x576.jpg 768w\" sizes=\"auto, (max-width: 800px) 100vw, 800px\" \/><\/figure><div class=\"wp-block-media-text__content\">\n<p class=\"has-large-font-size\"><\/p>\n<\/div><\/div>\n\n\n\n<div class=\"wp-block-media-text alignfull\" style=\"grid-template-columns:15% auto\"><figure class=\"wp-block-media-text__media\"><img loading=\"lazy\" decoding=\"async\" width=\"800\" height=\"600\" src=\"http:\/\/entreterreetciel.org\/wp-content\/uploads\/2020\/12\/aile-seule.jpg\" alt=\"\" class=\"wp-image-210 size-full\" srcset=\"https:\/\/entreterreetciel.org\/wp-content\/uploads\/2020\/12\/aile-seule.jpg 800w, https:\/\/entreterreetciel.org\/wp-content\/uploads\/2020\/12\/aile-seule-300x225.jpg 300w, https:\/\/entreterreetciel.org\/wp-content\/uploads\/2020\/12\/aile-seule-768x576.jpg 768w\" sizes=\"auto, (max-width: 800px) 100vw, 800px\" \/><\/figure><div class=\"wp-block-media-text__content\">\n<p class=\"has-large-font-size\"><\/p>\n<\/div><\/div>\n","protected":false},"excerpt":{"rendered":"<p>BERTHOU YNESTA MyriamNaturopathe\/Fleurs de Bach\/cr\u00e9ation d&rsquo;attrapes r\u00eavesmyriam.berthouynesta@gmail.com06.48.23.73.06www.myriamnaturopathe.fr CARDUNER-LE POULICHET ChristineR\u00e9flexologuechristine.lp@hotmail.fr06.61.95.87.94http:\/\/www.christinereflexologie.fr COLLIGUER PaulineAccompagnement holistiquepauline-colliguer@outlook.fr06.25.71.25.18http:\/\/pauline-naturopathe.odoo.com FLEURY Audrey(O&rsquo;drey \u00e9nergies)Magn\u00e9tiseuse\/coupeuse de feu\/g\u00e9obiologueodreyenergies@gmail.com06.80.87.86.47http:\/\/odreyenergies.my.canva.site\/ JEHANNO Marl\u00e8neCoach m\u00e9diumsi-tael@hotmail.fr06.80.36.23.43http:\/\/www.marlenejehanno.fr KERESPARS Olivier(Olkzen shiatsu)olkzenshiatsu@gmail.com06.50.41.88.07http:\/\/olkzen-shiatsu.fr LE GOFF Herv\u00e9(Institut JianKang)Digitoth\u00e9rapiecontact@institut-jiankang.fr06.70.11.90.79https:\/\/www.institut-jiankang.fr LE GUELLAUT Marielle(Ty&rsquo;Bout)Consultante p\u00e9rinatale et parentalety.bout29380@gmail.com06.85.58.60.29 MARION Erell(Espace Chiropratique)Chiropracteureerellmarion.dc@gmail.com07.52.06.50.70https:\/\/chiropracteur-quimperle.fr MILLERIN SandrineKin\u00e9siologue\/praticienne \u00ab\u00a0bye bye allergies\u00a0\u00bbgesan77100@gmail.com06.15.16.91.56 SIDIBI Awa-Karine(Mes mains pour votre bien)Soins et accompagnements \u00e9nerg\u00e9tiques\/massages intuitifs et \u00e9nerg\u00e9tiquescontact@mesmainspourvotrebien.com06.52.62.04.79http:\/\/mesmainspourvotrebien.com STAIGRE <a class=\"read-more\" href=\"https:\/\/entreterreetciel.org\/index.php\/soins-du-corps\/\">Lire la suite<\/a><\/p>\n","protected":false},"author":1,"featured_media":0,"parent":0,"menu_order":0,"comment_status":"closed","ping_status":"closed","template":"","meta":{"footnotes":""},"class_list":["post-30","page","type-page","status-publish","hentry"],"_links":{"self":[{"href":"https:\/\/entreterreetciel.org\/index.php\/wp-json\/wp\/v2\/pages\/30","targetHints":{"allow":["GET"]}}],"collection":[{"href":"https:\/\/entreterreetciel.org\/index.php\/wp-json\/wp\/v2\/pages"}],"about":[{"href":"https:\/\/entreterreetciel.org\/index.php\/wp-json\/wp\/v2\/types\/page"}],"author":[{"embeddable":true,"href":"https:\/\/entreterreetciel.org\/index.php\/wp-json\/wp\/v2\/users\/1"}],"replies":[{"embeddable":true,"href":"https:\/\/entreterreetciel.org\/index.php\/wp-json\/wp\/v2\/comments?post=30"}],"version-history":[{"count":122,"href":"https:\/\/entreterreetciel.org\/index.php\/wp-json\/wp\/v2\/pages\/30\/revisions"}],"predecessor-version":[{"id":1801,"href":"https:\/\/entreterreetciel.org\/index.php\/wp-json\/wp\/v2\/pages\/30\/revisions\/1801"}],"wp:attachment":[{"href":"https:\/\/entreterreetciel.org\/index.php\/wp-json\/wp\/v2\/media?parent=30"}],"curies":[{"name":"wp","href":"https:\/\/api.w.org\/{rel}","templated":true}]}}