{"id":56,"date":"2020-11-14T15:19:25","date_gmt":"2020-11-14T14:19:25","guid":{"rendered":"http:\/\/entreterreetciel.org\/?page_id=56"},"modified":"2025-09-19T10:02:00","modified_gmt":"2025-09-19T08:02:00","slug":"presentation-de-lequipe","status":"publish","type":"page","link":"https:\/\/entreterreetciel.org\/index.php\/presentation-de-lequipe\/","title":{"rendered":"PR\u00c9SENTATION DE L&rsquo;\u00c9QUIPE"},"content":{"rendered":"\n<p><\/p>\n\n\n\n<div class=\"wp-block-media-text alignwide is-stacked-on-mobile\" style=\"grid-template-columns:20% auto\"><figure class=\"wp-block-media-text__media\"><img loading=\"lazy\" decoding=\"async\" width=\"1024\" height=\"988\" src=\"http:\/\/entreterreetciel.org\/wp-content\/uploads\/2020\/11\/LOGO-OK-1-1024x988.jpg\" alt=\"\" class=\"wp-image-149 size-full\" srcset=\"https:\/\/entreterreetciel.org\/wp-content\/uploads\/2020\/11\/LOGO-OK-1-1024x988.jpg 1024w, https:\/\/entreterreetciel.org\/wp-content\/uploads\/2020\/11\/LOGO-OK-1-300x289.jpg 300w, https:\/\/entreterreetciel.org\/wp-content\/uploads\/2020\/11\/LOGO-OK-1-768x741.jpg 768w, https:\/\/entreterreetciel.org\/wp-content\/uploads\/2020\/11\/LOGO-OK-1.jpg 1080w\" sizes=\"auto, (max-width: 1024px) 100vw, 1024px\" \/><\/figure><div class=\"wp-block-media-text__content\">\n<p class=\"has-text-color has-normal-font-size\" style=\"color:#086aa2\">L\u2019association \u00ab&nbsp;Entre Terre Et Ciel&nbsp;\u00bb a pour but d\u2019\u00eatre au service de l\u2019\u00e9veil des consciences, en mettant en relation ses adh\u00e9rents th\u00e9rapeutes ou exposants et le public. Pour y parvenir, elle se donne progressivement des objectifs \u00e0 travers la cr\u00e9ation d\u2019\u00e9v\u00e8nements sociaux-culturels dans un contexte humain, bienveillant et non sectaire.<\/p>\n<\/div><\/div>\n\n\n\n<h3 class=\"wp-block-heading\">PORTRAITS<\/h3>\n\n\n\n<hr class=\"wp-block-separator has-css-opacity\"\/>\n\n\n\n<h4 class=\"wp-block-heading\"><strong><em><u>Nathalie LADRIER (RIBAUD<\/u><\/em>) (Pr\u00e9sidente)<\/strong><\/h4>\n\n\n\n<p>Mes ann\u00e9es de pratique dans le soin \u00e0 la personne :  massage Ayurv\u00e9dique,  massages en soins palliatifs pour le H.A.D. de Quimperl\u00e9, magn\u00e9tisme, num\u00e9rologie et psychog\u00e9n\u00e9alogie m&rsquo;ont fait comprendre \u00e0 quel point l&rsquo;\u00eatre humain pouvait perdre pieds, se sentir seul et d\u00e9sempar\u00e9 sur son chemin terrestre.<\/p>\n\n\n\n<p>Proposer un salon Nature et mieux-\u00eatre chaque ann\u00e9e est pour moi une autre fa\u00e7on d&rsquo;aider mes contemporains \u00e0 trouver des r\u00e9ponses \u00e0 leurs questionnements, \u00e0 cr\u00e9er du lien et \u00e0 mettre du sens sur leurs exp\u00e9riences parfois tr\u00e8s douloureuses.<\/p>\n\n\n\n<p>J&rsquo;ai cr\u00e9er l&rsquo;association \u00ab\u00a0Entre Terre &amp; Ciel\u00a0\u00bb dans ce but.<\/p>\n\n\n\n<p>Le travail d&rsquo;\u00e9quipe avec les membres du bureau, la famille, nos amis et les b\u00e9n\u00e9voles qui reviennent chaque ann\u00e9e nous font vivre des moments de partage extraordinaires et me conforte dans mon r\u00f4le de pr\u00e9sidente et organisatrice d&rsquo;\u00e9v\u00e8nements pour cette association.<\/p>\n\n\n\n<p>Et quand j&rsquo;y pense : quelle merveilleuse aventure!!<\/p>\n\n\n\n<hr class=\"wp-block-separator has-css-opacity\"\/>\n\n\n\n<p><\/p>\n\n\n\n<h4 class=\"wp-block-heading\"><strong><em><u>Bertrand LADRIER<\/u><\/em> (tr\u00e9sorier)<\/strong><\/h4>\n\n\n\n<p>15 ans d\u2019exp\u00e9rience en tant que tr\u00e9sorier d\u2019association m\u2019ont permis de d\u00e9velopper mon go\u00fbt du travail en \u00e9quipe.<\/p>\n\n\n\n<p>Prendre une fonction au sein de l\u2019association \u00ab&nbsp;Entre Terre et Ciel&nbsp;\u00bb r\u00e9pond \u00e0 mon envie de mener un projet commun avec ma femme.&nbsp;&nbsp;<\/p>\n\n\n\n<hr class=\"wp-block-separator has-css-opacity\"\/>\n\n\n\n<h4 class=\"wp-block-heading\"><strong><em><u>Guy JONOT<\/u><\/em> (assistant de projet)<\/strong><\/h4>\n\n\n\n<p>Apr\u00e8s avoir occup\u00e9 la fonction de pr\u00e9sident de l&rsquo;association durant quatre ann\u00e9es, je me recentre sur ma contribution \u00e0 aider \u00e0 ses projets.<\/p>\n\n\n\n<p>J&rsquo;ai \u00e0 c\u0153ur d&rsquo;apporter aux autres membres de l&rsquo;\u00e9quipe. <\/p>\n\n\n\n<p><\/p>\n","protected":false},"excerpt":{"rendered":"<p>L\u2019association \u00ab&nbsp;Entre Terre Et Ciel&nbsp;\u00bb a pour but d\u2019\u00eatre au service de l\u2019\u00e9veil des consciences, en mettant en relation ses adh\u00e9rents th\u00e9rapeutes ou exposants et le public. Pour y parvenir, elle se donne progressivement des objectifs \u00e0 travers la cr\u00e9ation d\u2019\u00e9v\u00e8nements sociaux-culturels dans un contexte humain, bienveillant et non sectaire. PORTRAITS Nathalie LADRIER (RIBAUD) (Pr\u00e9sidente) <a class=\"read-more\" href=\"https:\/\/entreterreetciel.org\/index.php\/presentation-de-lequipe\/\">Lire la suite<\/a><\/p>\n","protected":false},"author":1,"featured_media":0,"parent":0,"menu_order":0,"comment_status":"closed","ping_status":"closed","template":"","meta":{"footnotes":""},"class_list":["post-56","page","type-page","status-publish","hentry"],"_links":{"self":[{"href":"https:\/\/entreterreetciel.org\/index.php\/wp-json\/wp\/v2\/pages\/56","targetHints":{"allow":["GET"]}}],"collection":[{"href":"https:\/\/entreterreetciel.org\/index.php\/wp-json\/wp\/v2\/pages"}],"about":[{"href":"https:\/\/entreterreetciel.org\/index.php\/wp-json\/wp\/v2\/types\/page"}],"author":[{"embeddable":true,"href":"https:\/\/entreterreetciel.org\/index.php\/wp-json\/wp\/v2\/users\/1"}],"replies":[{"embeddable":true,"href":"https:\/\/entreterreetciel.org\/index.php\/wp-json\/wp\/v2\/comments?post=56"}],"version-history":[{"count":14,"href":"https:\/\/entreterreetciel.org\/index.php\/wp-json\/wp\/v2\/pages\/56\/revisions"}],"predecessor-version":[{"id":1608,"href":"https:\/\/entreterreetciel.org\/index.php\/wp-json\/wp\/v2\/pages\/56\/revisions\/1608"}],"wp:attachment":[{"href":"https:\/\/entreterreetciel.org\/index.php\/wp-json\/wp\/v2\/media?parent=56"}],"curies":[{"name":"wp","href":"https:\/\/api.w.org\/{rel}","templated":true}]}}